{"id":4038,"date":"2025-05-12T04:35:53","date_gmt":"2025-05-12T04:35:53","guid":{"rendered":"https:\/\/demo.bravisthemes.com\/nestnet\/?page_id=4038"},"modified":"2025-05-14T00:20:59","modified_gmt":"2025-05-14T00:20:59","slug":"solutions","status":"publish","type":"page","link":"https:\/\/aml-tv.com\/es\/solutions\/","title":{"rendered":"Soluciones"},"content":{"rendered":"<div data-elementor-type=\"wp-page\" data-elementor-id=\"4038\" class=\"elementor elementor-4038\" data-elementor-post-type=\"page\">\n\t\t\t\t        <section class=\"elementor-section elementor-top-section elementor-element elementor-element-8fd6b70 elementor-section-stretched elementor-section-boxed elementor-section-height-default elementor-section-height-default pxl-row-scroll-none pxl-bg-color-none pxl-section-overlay-none\" data-id=\"8fd6b70\" data-element_type=\"section\" data-e-type=\"section\" data-settings=\"{&quot;stretch_section&quot;:&quot;section-stretched&quot;,&quot;background_background&quot;:&quot;classic&quot;}\">\n\n                \n                <div class=\"elementor-container elementor-column-gap-extended\">\n                <div class=\"elementor-column elementor-col-100 elementor-top-column elementor-element elementor-element-6278c5e pxl-column-none\" data-id=\"6278c5e\" data-element_type=\"column\" data-e-type=\"column\">\r\n        <div class=\"elementor-widget-wrap elementor-element-populated\">\r\n                     \r\n        \t\t<div class=\"elementor-element elementor-element-4db69d9 elementor-widget elementor-widget-pxl_heading\" data-id=\"4db69d9\" data-element_type=\"widget\" data-e-type=\"widget\" data-widget_type=\"pxl_heading.default\">\n\t\t\t\t<div class=\"elementor-widget-container\">\n\t\t\t\t\t<div id=\"pxl-pxl_heading-4db69d9-4932\" class=\"pxl-heading px-sub-title-default-style\">\n\t<div class=\"pxl-heading--inner\">\n\t\t\n\t\t\t\t\t<div class=\"pxl-item--subtitle px-sub-title-default wow fadeIn\" data-wow-delay=\"100ms\">\n\t\t\t\t\t\t\t\t<span class=\"pxl-item--subtext\">\n\t\t\t\t\tSoluciones\t\t\t\t<\/span>\n\t\t\t<\/div>\n\t\t\n\t\t<h3 class=\"pxl-item--title translation-block\" data-wow-delay=\"200ms\"><span class=\"pxl-item--text\">\n    <span class=\"pxl-text--slide\"><span class=\"wow letter animated\">Experiencias<\/span><\/span> \n    <span class=\"pxl-text--slide\"><span class=\"wow letter animated\">LED<\/span><\/span> \n    <span class=\"pxl-text--slide\"><span class=\"wow letter animated\">a<\/span><\/span> \n    <span class=\"pxl-text--slide\"><span class=\"wow letter animated\">medida<\/span><\/span> \n    <span class=\"pxl-text--slide\"><span class=\"wow letter animated\">para<\/span><\/span> \n    <span class=\"pxl-text--slide\"><span class=\"wow letter animated\">hogares<\/span><\/span> \n    <span class=\"pxl-text--slide\"><span class=\"wow letter animated\">de<\/span><\/span> \n    <span class=\"pxl-text--slide\"><span class=\"wow letter animated\">lujo<\/span><\/span> \n    <span class=\"pxl-text--slide\"><span class=\"wow letter animated\">y<\/span><\/span> \n    <span class=\"pxl-text--slide\"><span class=\"wow letter animated\">entornos<\/span><\/span> \n    <span class=\"pxl-text--slide\"><span class=\"wow letter animated\">empresariales<\/span><\/span>\n<\/span><\/h3>\n\n\t\t\n\t\t\n\t\t\t\t\n\t<\/div>\n<\/div>\t\t\t\t<\/div>\n\t\t\t\t<\/div>\n\t\t\t\t<div class=\"elementor-element elementor-element-0361b03 elementor-widget elementor-widget-pxl_heading\" data-id=\"0361b03\" data-element_type=\"widget\" data-e-type=\"widget\" data-widget_type=\"pxl_heading.default\">\n\t\t\t\t<div class=\"elementor-widget-container\">\n\t\t\t\t\t<div id=\"pxl-pxl_heading-0361b03-2194\" class=\"pxl-heading px-sub-title-under-style\">\n\t<div class=\"pxl-heading--inner\">\n\t\t\n\t\t\n\t\t<h3 class=\"pxl-item--title\" data-wow-delay=\"ms\">\n\t\t\t\t\t\n\t\t<\/h3>\n\n\t\t\t\t\t<div class=\"pxl-item--subtitle px-sub-title-under wow fadeIn\" data-wow-delay=\"ms\">\n\t\t\t\t<span class=\"pxl-item--subtext\">\n\t\t\t\t\tEn AML TV, creemos que las pantallas deben hacer algo m\u00e1s que mostrar: deben inspirar, atraer y transformar espacios. Tanto si est\u00e1 creando un hogar privado refinado o dise\u00f1ando un entorno corporativo innovador, nuestras soluciones de pantallas LED est\u00e1n dise\u00f1adas para convertirse en una parte integral de su espacio e identidad.\t\t\t\t<\/span>\n\t\t\t<\/div>\n\t\t\n\t\t\n\t\t\t\t\n\t<\/div>\n<\/div>\t\t\t\t<\/div>\n\t\t\t\t<\/div>\n\t\t\t\t<div class=\"elementor-element elementor-element-dc5d672 elementor-widget elementor-widget-pxl_service_carousel_ct\" data-id=\"dc5d672\" data-element_type=\"widget\" data-e-type=\"widget\" data-widget_type=\"pxl_service_carousel_ct.default\">\n\t\t\t\t<div class=\"elementor-widget-container\">\n\t\t\t\t\t    <div class=\"pxl-swiper-sliders pxl-service-carousel-custom pxl-service-carousel-custom3 pxl-swiper-boxshadow\" >\n        <div class=\"pxl-carousel-inner\">\n            <div class=\"pxl-swiper-container\" dir=\"ltr\" data-settings=\"{&quot;slide_direction&quot;:&quot;horizontal&quot;,&quot;slide_percolumn&quot;:&quot;1&quot;,&quot;slide_mode&quot;:&quot;slide&quot;,&quot;slides_to_show&quot;:&quot;3&quot;,&quot;slides_to_show_xxl&quot;:&quot;3&quot;,&quot;slides_to_show_lg&quot;:&quot;3&quot;,&quot;slides_to_show_md&quot;:&quot;3&quot;,&quot;slides_to_show_sm&quot;:&quot;1&quot;,&quot;slides_to_show_xs&quot;:&quot;1&quot;,&quot;slides_to_scroll&quot;:&quot;1&quot;,&quot;arrow&quot;:&quot;false&quot;,&quot;pagination&quot;:&quot;true&quot;,&quot;pagination_type&quot;:&quot;fraction&quot;,&quot;pagination_number&quot;:&quot;true&quot;,&quot;autoplay&quot;:&quot;&quot;,&quot;pause_on_hover&quot;:&quot;&quot;,&quot;pause_on_interaction&quot;:&quot;true&quot;,&quot;delay&quot;:8000,&quot;loop&quot;:&quot;true&quot;,&quot;speed&quot;:500}\">\n                <div class=\"pxl-swiper-wrapper\">\n                                            <div class=\"pxl-swiper-slide\">\n                            <div class=\"pxl-item--inner wow fadeIn\" data-wow-delay=\"ms\">\n                                <div class=\"pxl-link-image\">\n                                    <a href=\"https:\/\/aml-tv.com\/es\/service\/for-luxury-living\/\">\n                                                                                    <div class=\"pxl-item--image\">\n                                                <img fetchpriority=\"high\" decoding=\"async\" class=\"no-lazyload\" src=\"https:\/\/aml-tv.com\/wp-content\/uploads\/2025\/05\/aml-tv-living-room3-810x610.webp\" width=\"810\" height=\"610\" alt=\"aml-tv-sal\u00f3n3\" title=\"aml-tv-sal\u00f3n3\" \/>                                            <\/div>\n                                            <div class=\"pxl-item--icon\">\n                                                <i aria-hidden=\"true\" class=\"fal fa-warehouse-alt\"><\/i>                                            <\/div>\n                                                                            <\/a>\n                                <\/div>\n                                <div class=\"pxl-item--holder\">\n                                    <h5 class=\"pxl-item--title el-empty\">\n                                        Interiores del Hogar                                    <\/h5>\n                                    <div class=\"pxl-item--desc el-empty\">Tu hogar merece algo m\u00e1s que un televisor: se merece una obra maestra visual. AML TV ofrece pantallas LED arquitect\u00f3nicas que convierten su espacio en una experiencia envolvente, combinando sin esfuerzo con su estilo interior.<\/div>\n                                    <a class=\"pxl-btn-service\" href=\"https:\/\/aml-tv.com\/es\/service\/for-luxury-living\/\">\n                                        Explorar interiores hogar                                        <i class=\"far fa-plus pxl-ml-5\"><\/i>\n                                    <\/a>\n                                <\/div>\n                           <\/div>\n                        <\/div>\n                                            <div class=\"pxl-swiper-slide\">\n                            <div class=\"pxl-item--inner wow fadeIn\" data-wow-delay=\"ms\">\n                                <div class=\"pxl-link-image\">\n                                    <a href=\"https:\/\/aml-tv.com\/es\/service\/luxury-outdoor-living\/\">\n                                                                                    <div class=\"pxl-item--image\">\n                                                <img decoding=\"async\" class=\"no-lazyload\" src=\"https:\/\/aml-tv.com\/wp-content\/uploads\/2025\/05\/AML-TV-Luxury-home-outdoor-810x559.webp\" width=\"810\" height=\"559\" alt=\"AML-TV-Lujo-hogar-exterior\" title=\"AML-TV-Lujo-hogar-exterior\" \/>                                            <\/div>\n                                            <div class=\"pxl-item--icon\">\n                                                <i aria-hidden=\"true\" class=\"fal fa-thunderstorm-sun\"><\/i>                                            <\/div>\n                                                                            <\/a>\n                                <\/div>\n                                <div class=\"pxl-item--holder\">\n                                    <h5 class=\"pxl-item--title el-empty\">\n                                        Exteriores del hogar                                    <\/h5>\n                                    <div class=\"pxl-item--desc el-empty\">En AML, creamos soluciones de visualizaci\u00f3n arquitect\u00f3nicas dise\u00f1adas para integrarse perfectamente en entornos exteriores de alta gama. Ya sea en una caba\u00f1a junto a la piscina, en una terraza o en una azotea, nuestras pantallas LED de alta calidad ofrecen im\u00e1genes impresionantes con una durabilidad extrema, todo ello sin comprometer el dise\u00f1o.<\/div>\n                                    <a class=\"pxl-btn-service\" href=\"https:\/\/aml-tv.com\/es\/service\/luxury-outdoor-living\/\">\n                                        Explorar exteriores hogar                                        <i class=\"far fa-plus pxl-ml-5\"><\/i>\n                                    <\/a>\n                                <\/div>\n                           <\/div>\n                        <\/div>\n                                            <div class=\"pxl-swiper-slide\">\n                            <div class=\"pxl-item--inner wow fadeIn\" data-wow-delay=\"ms\">\n                                <div class=\"pxl-link-image\">\n                                    <a href=\"https:\/\/aml-tv.com\/es\/service\/for-business\/\">\n                                                                                    <div class=\"pxl-item--image\">\n                                                <img decoding=\"async\" class=\"no-lazyload\" src=\"https:\/\/aml-tv.com\/wp-content\/uploads\/2025\/05\/for-business-lobby-810x610.webp\" width=\"810\" height=\"610\" alt=\"para-empresas-lobby\" title=\"para-empresas-lobby\" \/>                                            <\/div>\n                                            <div class=\"pxl-item--icon\">\n                                                <i aria-hidden=\"true\" class=\"fal fa-business-time\"><\/i>                                            <\/div>\n                                                                            <\/a>\n                                <\/div>\n                                <div class=\"pxl-item--holder\">\n                                    <h5 class=\"pxl-item--title el-empty\">\n                                        Para empresas                                    <\/h5>\n                                    <div class=\"pxl-item--desc el-empty\">AML TV transforma los entornos corporativos y comerciales en poderosas declaraciones de marca. Nuestras pantallas no se limitan a mostrar contenidos: llaman la atenci\u00f3n, expresan identidad e inspiran confianza.<\/div>\n                                    <a class=\"pxl-btn-service\" href=\"https:\/\/aml-tv.com\/es\/service\/for-business\/\">\n                                        Explorar empresas                                         <i class=\"far fa-plus pxl-ml-5\"><\/i>\n                                    <\/a>\n                                <\/div>\n                           <\/div>\n                        <\/div>\n                                    <\/div>\n            <\/div>\n        <\/div>\n\n                    <div class=\"pxl-swiper-dots style-1\"><\/div>\n        \n                \n    <\/div>\n\t\t\t\t<\/div>\n\t\t\t\t<\/div>\n\t\t            <\/div>\r\n        <\/div>\r\n        \t\t\t<\/div>\n\t\t<\/section>\n\t\t        <section class=\"elementor-section elementor-top-section elementor-element elementor-element-b356ec9 elementor-section-stretched pxl-home2-layout2 elementor-section-boxed elementor-section-height-default elementor-section-height-default pxl-row-scroll-none pxl-bg-color-none pxl-section-overlay-none\" data-id=\"b356ec9\" data-element_type=\"section\" data-e-type=\"section\" data-settings=\"{&quot;stretch_section&quot;:&quot;section-stretched&quot;,&quot;background_background&quot;:&quot;classic&quot;}\">\n\n                \n                <div class=\"elementor-container elementor-column-gap-default\">\n                <div class=\"elementor-column elementor-col-100 elementor-top-column elementor-element elementor-element-68ecbaa pxl-column-none\" data-id=\"68ecbaa\" data-element_type=\"column\" data-e-type=\"column\">\r\n        <div class=\"elementor-widget-wrap elementor-element-populated\">\r\n                     \r\n                <section class=\"elementor-section elementor-inner-section elementor-element elementor-element-1a6fa7f elementor-section-boxed elementor-section-height-default elementor-section-height-default pxl-row-scroll-none pxl-bg-color-none pxl-section-overlay-none\" data-id=\"1a6fa7f\" data-element_type=\"section\" data-e-type=\"section\">\n\n                \n                <div class=\"elementor-container elementor-column-gap-default\">\n                <div class=\"elementor-column elementor-col-50 elementor-inner-column elementor-element elementor-element-1caf1b9 layout-meta2 pxl-column-none\" data-id=\"1caf1b9\" data-element_type=\"column\" data-e-type=\"column\">\r\n        <div class=\"elementor-widget-wrap elementor-element-populated\">\r\n                     \r\n        \t\t<div class=\"elementor-element elementor-element-0b4af81 elementor-widget-laptop__width-initial elementor-widget-mobile__width-inherit elementor-invisible elementor-widget elementor-widget-pxl_icon_box\" data-id=\"0b4af81\" data-element_type=\"widget\" data-e-type=\"widget\" data-settings=\"{&quot;_animation_delay&quot;:100,&quot;_animation&quot;:&quot;fadeIn&quot;}\" data-widget_type=\"pxl_icon_box.default\">\n\t\t\t\t<div class=\"elementor-widget-container\">\n\t\t\t\t\t<div class=\"pxl-icon-box pxl-icon-box8\" data-wow-delay=\"ms\">\r\n    <div class=\"pxl-item--inner\">\r\n        <div class=\"pxl-item-wrap\">\r\n                            <div class=\"pxl-item--icon\">\r\n                    <div class=\"pxl-layout-icon\">\r\n                        <i aria-hidden=\"true\" class=\"fal fa-sort-size-up\"><\/i>                    <\/div>\r\n                <\/div>\r\n                                    <div class=\"pxl-item--holder\">\r\n                <h5 class=\"pxl-item--title el-empty\">A medida. Siempre extraordinario.<\/h5>\r\n                <div class=\"pxl-text\">\r\n                    Tanto las soluciones de lujo como las empresariales son totalmente personalizables: Tama\u00f1os de 136\" a 296\" y m\u00e1s Formatos a medida para adaptarse a espacios modernos, cl\u00e1sicos o vanguardistas.  Dise\u00f1adas en colaboraci\u00f3n con arquitectos y dise\u00f1adores.                <\/div>\r\n                            <\/div>\r\n        <\/div>\r\n    <\/div>\r\n<\/div>\t\t\t\t<\/div>\n\t\t\t\t<\/div>\n\t\t            <\/div>\r\n        <\/div>\r\n                <div class=\"elementor-column elementor-col-50 elementor-inner-column elementor-element elementor-element-d00a9b8 layout-meta2 pxl-column-none\" data-id=\"d00a9b8\" data-element_type=\"column\" data-e-type=\"column\">\r\n        <div class=\"elementor-widget-wrap elementor-element-populated\">\r\n                     \r\n        \t\t<div class=\"elementor-element elementor-element-08cea9a elementor-invisible elementor-widget elementor-widget-pxl_icon_box\" data-id=\"08cea9a\" data-element_type=\"widget\" data-e-type=\"widget\" data-settings=\"{&quot;_animation_delay&quot;:200,&quot;_animation&quot;:&quot;fadeIn&quot;}\" data-widget_type=\"pxl_icon_box.default\">\n\t\t\t\t<div class=\"elementor-widget-container\">\n\t\t\t\t\t<div class=\"pxl-icon-box pxl-icon-box1 style-1\" data-wow-delay=\"ms\">\r\n    <div class=\"pxl-item--inner\">\r\n        <div class=\"pxl-item-wrap\">\r\n                            <div class=\"pxl-item--icon\">\r\n                    <i aria-hidden=\"true\" class=\"fas fa-cloud-download-alt\"><\/i>                <\/div>\r\n                                    <div class=\"pxl-item--holder\">\r\n                <h5 class=\"pxl-item--title el-empty\">Descarg\u00e1 nuestros folletos<\/h5>\r\n                <ul class=\"pxl-link-text\">\r\n                    <li class=\"pxl-item--text1 text\">\r\n                        <a >\r\n                                                   <\/a>\r\n                    <\/li>\r\n                    <li class=\"pxl-item--text2 text\">\r\n                        <a >\r\n                                                    <\/a>\r\n                    <\/li>\r\n                <\/ul>\r\n            <\/div>\r\n        <\/div>\r\n    <\/div>\r\n<\/div>\t\t\t\t<\/div>\n\t\t\t\t<\/div>\n\t\t\t\t<div class=\"elementor-element elementor-element-090b912 elementor-widget elementor-widget-pxl_download\" data-id=\"090b912\" data-element_type=\"widget\" data-e-type=\"widget\" data-widget_type=\"pxl_download.default\">\n\t\t\t\t<div class=\"elementor-widget-container\">\n\t\t\t\t\t<div class=\"pxl-download pxl-download1 style-1\" data-wow-delay=\"ms\">\r\n    <div class=\"pxl-item--inner\">\r\n        <div class=\"pxl-item-wrap\">\r\n            <div class=\"pxl-item--holder\">\r\n                <h5 class=\"pxl-item--title el-empty\"><\/h5>\r\n                <ul class=\"pxl-link-text\">\r\n                    <li class=\"pxl-item--text1 text\">\r\n                        <a href=\"https:\/\/drive.google.com\/file\/d\/1hX7YS5CrpNhhtWrslNyZkHhqDMt6CxUC\/view?usp=drive_link\" target=\"_blank\" rel=\"noopener\">\r\n                                                            <div class=\"pxl-item--icon pxl-mr-10\">\r\n                                    <i aria-hidden=\"true\" class=\"fal fa-cloud-download\"><\/i>                                <\/div>\r\n                                                        Descargar folleto Luxury Living                        <\/a>\r\n                    <\/li>\r\n                    <li class=\"pxl-item--text2 text\">\r\n                        <a href=\"https:\/\/drive.google.com\/file\/d\/1fEQTfaBIOpsVHtnEbTt90OyIyNYBicT2\/view?usp=drive_link\" target=\"_blank\" rel=\"noopener\">\r\n                                                            <div class=\"pxl-item--icon pxl-mr-10\">\r\n                                    <i aria-hidden=\"true\" class=\"fal fa-cloud-download\"><\/i>                                <\/div>\r\n                                                        Descargar el folleto de soluciones empresariales                        <\/a>\r\n                    <\/li>\r\n                <\/ul>\r\n            <\/div>\r\n        <\/div>\r\n    <\/div>\r\n<\/div>\t\t\t\t<\/div>\n\t\t\t\t<\/div>\n\t\t            <\/div>\r\n        <\/div>\r\n        \t\t\t<\/div>\n\t\t<\/section>\n\t\t            <\/div>\r\n        <\/div>\r\n        \t\t\t<\/div>\n\t\t<\/section>\n\t\t\t\t<\/div>","protected":false},"excerpt":{"rendered":"<p>Solutions Tailored LED Experiences for Luxury Homes &#038; Business Environments At AML TV, we believe screens should do more than display\u2014they should inspire, engage, and transform spaces. Whether you&#039;re crafting a refined private home or designing an innovative corporate environment, our LED display solutions are engineered to become an integral part of your space and [&hellip;]<\/p>","protected":false},"author":1,"featured_media":0,"parent":0,"menu_order":0,"comment_status":"closed","ping_status":"closed","template":"","meta":{"footnotes":""},"class_list":["post-4038","page","type-page","status-publish","hentry"],"_links":{"self":[{"href":"https:\/\/aml-tv.com\/es\/wp-json\/wp\/v2\/pages\/4038","targetHints":{"allow":["GET"]}}],"collection":[{"href":"https:\/\/aml-tv.com\/es\/wp-json\/wp\/v2\/pages"}],"about":[{"href":"https:\/\/aml-tv.com\/es\/wp-json\/wp\/v2\/types\/page"}],"author":[{"embeddable":true,"href":"https:\/\/aml-tv.com\/es\/wp-json\/wp\/v2\/users\/1"}],"replies":[{"embeddable":true,"href":"https:\/\/aml-tv.com\/es\/wp-json\/wp\/v2\/comments?post=4038"}],"version-history":[{"count":0,"href":"https:\/\/aml-tv.com\/es\/wp-json\/wp\/v2\/pages\/4038\/revisions"}],"wp:attachment":[{"href":"https:\/\/aml-tv.com\/es\/wp-json\/wp\/v2\/media?parent=4038"}],"curies":[{"name":"wp","href":"https:\/\/api.w.org\/{rel}","templated":true}]}}